{"id":431,"date":"2016-08-28T19:45:32","date_gmt":"2016-08-28T19:45:32","guid":{"rendered":"http:\/\/fv-hmg-erfurt.de\/wordpress?page_id=2"},"modified":"2016-08-28T19:45:32","modified_gmt":"2016-08-28T19:45:32","slug":"verein","status":"publish","type":"page","link":"https:\/\/fv-hmg-erfurt.de\/index.php\/verein\/","title":{"rendered":"\u00dcber den Verein"},"content":{"rendered":"<p style=\"text-align: justify\">Die Schule attraktiver gestalten &#8211; DAS hat sich der Schulf\u00f6rderverein des Heinrich-Mann-Gymnasiums zum Ziel gesetzt. Das hei\u00dft, dass einerseits die Ausstattung der Schule \u00fcber die \u00f6ffentlichen Mittel hinaus verbessert werden soll und andererseits durch finanzielle Unterst\u00fctzung schulische Projekte in verschiedenen Richtungen erm\u00f6glicht werden.<\/p>\n<p style=\"text-align: justify\">Im Jahr 2013 beging der F\u00f6rderverein sein 20j\u00e4hriges Jubil\u00e4um. Im M\u00e4rz 1993 gegr\u00fcndet, ist die Zahl der Mitglieder von anf\u00e4nglich 45 mittlerweile auf etwa 196 angestiegen. Lehrer, Eltern, ehemalige Sch\u00fcler und F\u00f6rderer treffen sich einmal im Jahr zur Mitgliedervollversammlung. Dort wird ein Rechenschaftsbericht \u00fcber die vergangene Arbeit und den Stand der Finanzen vorgelegt. Die Vorhaben f\u00fcr das jeweilige neue Schuljahr werden dann durch die Vorschl\u00e4ge der anwesenden Mitglieder bestimmt und beraten. Dabei kann jedes Mitglied Einfluss nehmen und aktiv zuk\u00fcnftige Projekte mitgestalten. Seit Bestehen des Vereins sind durch ihn ca. 65.000 Euro der Schule zugeflossen. Das erm\u00f6glichen die j\u00e4hrlichen Mitgliedsbeitr\u00e4ge, der Erl\u00f6s einer in jedem Schuljahr im Oktober durchgef\u00fchrten Spendenaktion und verschiedene Spenden unserer F\u00f6rderer und Sponsoren. Dies stellt die finanzielle Grundlage unserer Arbeit dar. So standen bisher ca. 3.000 bis 4.000 Euro je Schuljahr zur Verf\u00fcgung. Zur einen H\u00e4lfte sollen damit vielf\u00e4ltige Anschaffungen get\u00e4tigt werden, die von staatlicher Seite nicht m\u00f6glich sind. Zur anderen H\u00e4lfte sollen die finanziellen Mittel f\u00fcr Schulprojekte zur Unterst\u00fctzung eines interessanteren Unterrichts verwendet werden. Bisherige und neue Schulpartnerschaften zum Austausch von Sch\u00fclern und Ideen werden wir weiterhin begleiten.<\/p>\n<p style=\"text-align: justify\">Im September 2015 wurde in einem zweit\u00e4gigen Arbeitseinsatz unter Mitwirkung von Eltern, Sch\u00fclern und Lehrern unser lange geplantes Schulhofprojekt realisiert. Dank vieler Sponsoren brauchten wir unser Konto nicht voll aussch\u00f6pfen und konnten im Folgejahr an der weiteren Gestaltung arbeiten.<\/p>\n<p style=\"text-align: justify\">Durch immer mehr Mitglieder und Sponsoren unseres Vereins k\u00f6nnte eine noch effektivere Arbeit geleistet werden. Alle Unterst\u00fctzungen haben ein Hauptziel &#8211; den Sch\u00fclern und Sch\u00fclerinnen dieses Gymnasiums den Weg in die Zukunft interessanter zu gestalten und die Freude am Lernen zu wecken. Die Eintragung in das amtliche Vereinsregister, welches die Gemeinn\u00fctzigkeit festlegt, erm\u00f6glicht uns, steuerlich anerkannte Spendenquittungen auszustellen.<\/p>\n<p>Der Vorstand<\/p>\n<p>&nbsp;<\/p>\n<h3>Spenden<\/h3>\n<p><strong>Spenden<\/strong> bitte auf <strong>DE35 8205 1000 0130 1159 83<\/strong>\u00a0 HELADEF1WEM (Schulf\u00f6rderverein des Heinrich-Mann-Gym. Erfurt) \u00fcberweisen.<br \/>\nSoll Ihre Spende f\u00fcr einen bestimmten Zweck sein, benennen Sie diesen bitte kurz in der \u00dcberweisung.<br \/>\nF\u00fcr eine Spendenquittung ist Ihre Adresse erforderlich, ansonsten reicht f\u00fcr das Finanzamt bis 200,00\u20ac der Bankauszug.<br \/>\nDanke.<\/p>\n","protected":false},"excerpt":{"rendered":"<p>Die Schule attraktiver gestalten &#8211; DAS hat sich der Schulf\u00f6rderverein des Heinrich-Mann-Gymnasiums zum Ziel gesetzt. Das hei\u00dft, dass einerseits die Ausstattung der Schule \u00fcber die \u00f6ffentlichen Mittel hinaus verbessert werden [&hellip;]<\/p>\n","protected":false},"author":5,"featured_media":0,"parent":0,"menu_order":0,"comment_status":"closed","ping_status":"open","template":"","meta":{"footnotes":""},"class_list":["post-431","page","type-page","status-publish","hentry"],"_links":{"self":[{"href":"https:\/\/fv-hmg-erfurt.de\/index.php\/wp-json\/wp\/v2\/pages\/431","targetHints":{"allow":["GET"]}}],"collection":[{"href":"https:\/\/fv-hmg-erfurt.de\/index.php\/wp-json\/wp\/v2\/pages"}],"about":[{"href":"https:\/\/fv-hmg-erfurt.de\/index.php\/wp-json\/wp\/v2\/types\/page"}],"author":[{"embeddable":true,"href":"https:\/\/fv-hmg-erfurt.de\/index.php\/wp-json\/wp\/v2\/users\/5"}],"replies":[{"embeddable":true,"href":"https:\/\/fv-hmg-erfurt.de\/index.php\/wp-json\/wp\/v2\/comments?post=431"}],"version-history":[{"count":0,"href":"https:\/\/fv-hmg-erfurt.de\/index.php\/wp-json\/wp\/v2\/pages\/431\/revisions"}],"wp:attachment":[{"href":"https:\/\/fv-hmg-erfurt.de\/index.php\/wp-json\/wp\/v2\/media?parent=431"}],"curies":[{"name":"wp","href":"https:\/\/api.w.org\/{rel}","templated":true}]}}