{"id":208,"date":"2016-11-15T09:12:35","date_gmt":"2016-11-15T08:12:35","guid":{"rendered":"http:\/\/fv-hmg-erfurt.de\/?page_id=208"},"modified":"2016-11-15T09:12:35","modified_gmt":"2016-11-15T08:12:35","slug":"mitglied-werden","status":"publish","type":"page","link":"https:\/\/fv-hmg-erfurt.de\/index.php\/mitglied-werden\/","title":{"rendered":"Mitglied werden \/ F\u00f6rderung \/ Spenden"},"content":{"rendered":"<p><strong>Sie haben folgende M\u00f6glichkeiten, den F\u00f6rderverein zu unterst\u00fctzen:<\/strong><\/p>\n<h2><strong>Mitglied werden<\/strong><\/h2>\n<p>Wenn Sie sich \u00fcber den F\u00f6rderverein informieren m\u00f6chten, ihn unterst\u00fctzen oder in den Verein eintreten m\u00f6chten, finden Sie hier alle wichtigen Dokumente zum Download im Format PDF.<br \/>\nEine Mitgliedschaft ist schon ab 20\u20ac pro Schuljahr m\u00f6glich.<\/p>\n<p><a href=\"https:\/\/www.fv-hmg-erfurt.de\/wp-content\/uploads\/7\/2023\/04\/Satzung-2020-09-29.pdf\">Unsere Satzung<\/a><br \/>\n<a href=\"https:\/\/www.fv-hmg-erfurt.de\/wp-content\/uploads\/7\/2023\/12\/HMG_Foerderverein_Aufnahmeantrag_2023.pdf\">HMG_Foerderverein_Aufnahmeantrag_2023 als Download<\/a><\/p>\n<h2><strong>Spenden<\/strong><\/h2>\n<p><strong>Spenden<\/strong>\u00a0bitte auf\u00a0<strong>DE35 8205 1000 0130 1159 83<\/strong>\u00a0 HELADEF1WEM (Schulf\u00f6rderverein des Heinrich-Mann-Gymnasiums Erfurt) \u00fcberweisen.<\/p>\n<p>Soll Ihre Spende f\u00fcr einen bestimmten Zweck sein, benennen Sie diesen bitte kurz im Verwendungszweck der \u00dcberweisung.<br \/>\nF\u00fcr eine Spendenquittung ist Ihre Adresse erforderlich, ansonsten reicht f\u00fcr das Finanzamt bis 300,00\u20ac der Bankauszug.<\/p>\n<h2><strong>pers\u00f6nliche Unterst\u00fctzung<\/strong><\/h2>\n<p>M\u00f6chten Sie den Vorstand bei einer konkreten Veranstaltung oder einem Projekt unterst\u00fctzen, haben Sie Ideen f\u00fcr Sponsoring oder neue Projekte, schreiben Sie uns unter: <a href=\"mailto:info@fv-hmg-erfurt.de\"><strong>info@fv-hmg-erfurt.de<\/strong><\/a><\/p>\n<p>&nbsp;<\/p>\n<hr \/>\n<p><strong>Benutzerkonto anlegen<\/strong><\/p>\n<p>Sie k\u00f6nnen ein Benutzerkonto auf unserer Seite anlegen. Dazu benutzen Sie bitte folgenden <a href=\"http:\/\/fv-hmg-erfurt.de\/register\/\">Link<\/a>.<\/p>\n","protected":false},"excerpt":{"rendered":"<p>Sie haben folgende M\u00f6glichkeiten, den F\u00f6rderverein zu unterst\u00fctzen: Mitglied werden Wenn Sie sich \u00fcber den F\u00f6rderverein informieren m\u00f6chten, ihn unterst\u00fctzen oder in den Verein eintreten m\u00f6chten, finden Sie hier alle [&hellip;]<\/p>\n","protected":false},"author":1,"featured_media":0,"parent":0,"menu_order":0,"comment_status":"closed","ping_status":"closed","template":"","meta":{"footnotes":""},"class_list":["post-208","page","type-page","status-publish","hentry"],"_links":{"self":[{"href":"https:\/\/fv-hmg-erfurt.de\/index.php\/wp-json\/wp\/v2\/pages\/208","targetHints":{"allow":["GET"]}}],"collection":[{"href":"https:\/\/fv-hmg-erfurt.de\/index.php\/wp-json\/wp\/v2\/pages"}],"about":[{"href":"https:\/\/fv-hmg-erfurt.de\/index.php\/wp-json\/wp\/v2\/types\/page"}],"author":[{"embeddable":true,"href":"https:\/\/fv-hmg-erfurt.de\/index.php\/wp-json\/wp\/v2\/users\/1"}],"replies":[{"embeddable":true,"href":"https:\/\/fv-hmg-erfurt.de\/index.php\/wp-json\/wp\/v2\/comments?post=208"}],"version-history":[{"count":0,"href":"https:\/\/fv-hmg-erfurt.de\/index.php\/wp-json\/wp\/v2\/pages\/208\/revisions"}],"wp:attachment":[{"href":"https:\/\/fv-hmg-erfurt.de\/index.php\/wp-json\/wp\/v2\/media?parent=208"}],"curies":[{"name":"wp","href":"https:\/\/api.w.org\/{rel}","templated":true}]}}